{"id":22095,"date":"2025-11-11T15:18:47","date_gmt":"2025-11-11T12:18:47","guid":{"rendered":"http:\/\/posentegrator.com\/?page_id=22095"},"modified":"2025-11-11T15:36:45","modified_gmt":"2025-11-11T12:36:45","slug":"funnelkit-virtual-pos-integration","status":"publish","type":"page","link":"https:\/\/posentegrator.com\/en\/funnelkit-virtual-pos-integration\/","title":{"rendered":"FunnelKit Virtual POS Integration"},"content":{"rendered":"<div data-elementor-type=\"wp-page\" data-elementor-id=\"22095\" class=\"elementor elementor-22095\">\n\t\t\t\t<div class=\"wd-negative-gap elementor-element elementor-element-f5aa060 e-flex e-con-boxed e-con e-parent\" data-id=\"f5aa060\" data-element_type=\"container\">\n\t\t\t\t\t<div class=\"e-con-inner\">\n\t\t\t\t<div class=\"elementor-element elementor-element-0494d1c elementor-widget elementor-widget-heading\" data-id=\"0494d1c\" data-element_type=\"widget\" data-widget_type=\"heading.default\">\n\t\t\t\t\t<p class=\"elementor-heading-title elementor-size-default\"><span style=\"align-items: center;gap: 6px;padding: 4px 12px;font-size: 14px;font-weight: 500;background-color: #f0f4ff;color: #3b3bff;border-radius: 999px\">\n  \u2728\n  <span>Easy Payment Solution<\/span>\n<\/span>\n<\/p>\t\t\t\t<\/div>\n\t\t\t\t<div class=\"elementor-element elementor-element-88d0f4f elementor-widget elementor-widget-heading\" data-id=\"88d0f4f\" data-element_type=\"widget\" data-widget_type=\"heading.default\">\n\t\t\t\t\t<h1 class=\"elementor-heading-title elementor-size-default\"><img style=\"margin-right: 10px\">FunnelKit <span style=\"color:#1d4ed8\">Virtual POS Integration<\/span><\/h1>\t\t\t\t<\/div>\n\t\t\t\t<div class=\"elementor-element elementor-element-5bd589a elementor-widget elementor-widget-wd_text_block\" data-id=\"5bd589a\" data-element_type=\"widget\" data-widget_type=\"wd_text_block.default\">\n\t\t\t\t<div class=\"elementor-widget-container\">\n\t\t\t\t\t\t\t<div class=\"wd-text-block reset-last-child text-center\">\n\t\t\t\n\t\t\t<p>Speed up checkout processes in your FunnelKit store and increase your sales with stable virtual POS integration that works seamlessly with all banks.<\/p>\n\t\t\t\t\t<\/div>\n\t\t\t\t\t\t<\/div>\n\t\t\t\t<\/div>\n\t\t\t\t\t<\/div>\n\t\t\t\t<\/div>\n\t\t<div class=\"wd-negative-gap elementor-element elementor-element-9cf6183 e-flex e-con-boxed e-con e-parent\" data-id=\"9cf6183\" data-element_type=\"container\">\n\t\t\t\t\t<div class=\"e-con-inner\">\n\t\t\t\t<div class=\"elementor-element elementor-element-c6b6429 elementor-widget elementor-widget-wd_button\" data-id=\"c6b6429\" data-element_type=\"widget\" data-widget_type=\"wd_button.default\">\n\t\t\t\t<div class=\"elementor-widget-container\">\n\t\t\t\t\t\t\t<div class=\"wd-button-wrapper text-center\" >\n\t\t\t<a class=\"btn btn-style-default btn-shape-semi-round btn-size-default btn-color-primary btn-icon-pos-right\"  href=\"http:\/\/posentegrator.com\/en\/pricing\/\">\n\t\t\t\t<span class=\"wd-btn-text\" data-elementor-setting-key=\"text\">\n\t\t\t\t\tStart Receiving Payments Now\t\t\t\t<\/span>\n\n\t\t\t\t\t\t\t<\/a>\n\t\t<\/div>\n\t\t\t\t\t\t<\/div>\n\t\t\t\t<\/div>\n\t\t\t\t<div class=\"elementor-element elementor-element-c5e011b elementor-widget elementor-widget-wd_button\" data-id=\"c5e011b\" data-element_type=\"widget\" data-widget_type=\"wd_button.default\">\n\t\t\t\t<div class=\"elementor-widget-container\">\n\t\t\t\t\t\t\t<div class=\"wd-button-wrapper text-center\" >\n\t\t\t<a class=\"btn btn-style-link btn-shape- btn-size-default btn-color-primary btn-icon-pos-right\"  href=\"http:\/\/posentegrator.com\/en\/demo\/\">\n\t\t\t\t<span class=\"wd-btn-text\" data-elementor-setting-key=\"text\">\n\t\t\t\t\tCreate Demo\t\t\t\t<\/span>\n\n\t\t\t\t\t\t\t\t\t<span class=\"wd-btn-icon\">\n\t\t\t\t\t\t<svg class=\"wd-icon e-font-icon-svg e-fas-arrow-right\" viewbox=\"0 0 448 512\" xmlns=\"http:\/\/www.w3.org\/2000\/svg\"><path d=\"M190.5 66.9l22.2-22.2c9.4-9.4 24.6-9.4 33.9 0L441 239c9.4 9.4 9.4 24.6 0 33.9L246.6 467.3c-9.4 9.4-24.6 9.4-33.9 0l-22.2-22.2c-9.5-9.5-9.3-25 .4-34.3L311.4 296H24c-13.3 0-24-10.7-24-24v-32c0-13.3 10.7-24 24-24h287.4L190.9 101.2c-9.8-9.3-10-24.8-.4-34.3z\"><\/path><\/svg>\t\t\t\t\t<\/span>\n\t\t\t\t\t\t\t<\/a>\n\t\t<\/div>\n\t\t\t\t\t\t<\/div>\n\t\t\t\t<\/div>\n\t\t\t\t\t<\/div>\n\t\t\t\t<\/div>\n\t\t<div class=\"wd-negative-gap elementor-element elementor-element-0cda929 e-flex e-con-boxed e-con e-parent\" data-id=\"0cda929\" data-element_type=\"container\">\n\t\t\t\t\t<div class=\"e-con-inner\">\n\t\t\t\t<div class=\"elementor-element elementor-element-0aa4c29 elementor-widget elementor-widget-wd_text_block\" data-id=\"0aa4c29\" data-element_type=\"widget\" data-widget_type=\"wd_text_block.default\">\n\t\t\t\t<div class=\"elementor-widget-container\">\n\t\t\t\t\t\t\t<div class=\"wd-text-block reset-last-child text-center\">\n\t\t\t\n\t\t\t<p>Get the PRO Package for only 3,400 TL per year. <b>Free installation<\/b> with instant access to more than 60 payment institutions and bank integrations.<\/p>\n\t\t\t\t\t<\/div>\n\t\t\t\t\t\t<\/div>\n\t\t\t\t<\/div>\n\t\t\t\t\t<\/div>\n\t\t\t\t<\/div>\n\t\t<div class=\"wd-negative-gap elementor-element elementor-element-c69db50 e-flex e-con-boxed e-con e-parent\" data-id=\"c69db50\" data-element_type=\"container\">\n\t\t\t\t\t<div class=\"e-con-inner\">\n\t\t<div class=\"elementor-element elementor-element-d3e1e5c e-con-full e-flex e-con e-child\" data-id=\"d3e1e5c\" data-element_type=\"container\">\n\t\t\t\t<div class=\"elementor-element elementor-element-1a70881 elementor-widget elementor-widget-image\" data-id=\"1a70881\" data-element_type=\"widget\" data-widget_type=\"image.default\">\n\t\t\t\t\t\t\t\t\t\t\t\t\t\t\t<img fetchpriority=\"high\" decoding=\"async\" width=\"500\" height=\"500\" src=\"https:\/\/posentegrator.com\/wp-content\/uploads\/2025\/11\/POS-Entegrator-FunnelKit-Destegi.png\" class=\"attachment-full size-full wp-image-22100\" alt=\"\" srcset=\"https:\/\/posentegrator.com\/wp-content\/uploads\/2025\/11\/POS-Entegrator-FunnelKit-Destegi.png 500w, https:\/\/posentegrator.com\/wp-content\/uploads\/2025\/11\/POS-Entegrator-FunnelKit-Destegi-300x300.png 300w, https:\/\/posentegrator.com\/wp-content\/uploads\/2025\/11\/POS-Entegrator-FunnelKit-Destegi-150x150.png 150w, https:\/\/posentegrator.com\/wp-content\/uploads\/2025\/11\/POS-Entegrator-FunnelKit-Destegi-12x12.png 12w\" sizes=\"(max-width: 500px) 100vw, 500px\" title=\"\">\t\t\t\t\t\t\t\t\t\t\t\t\t\t\t<\/div>\n\t\t\t\t<\/div>\n\t\t<div class=\"elementor-element elementor-element-3738d1f e-con-full e-flex e-con e-child\" data-id=\"3738d1f\" data-element_type=\"container\">\n\t\t\t\t<div class=\"elementor-element elementor-element-9d518d6 elementor-widget elementor-widget-heading\" data-id=\"9d518d6\" data-element_type=\"widget\" data-widget_type=\"heading.default\">\n\t\t\t\t\t<span class=\"elementor-heading-title elementor-size-default\">FunnelKit Virtual POS Integration<\/span>\t\t\t\t<\/div>\n\t\t\t\t<div class=\"elementor-element elementor-element-0be3c14 elementor-widget elementor-widget-wd_text_block\" data-id=\"0be3c14\" data-element_type=\"widget\" data-widget_type=\"wd_text_block.default\">\n\t\t\t\t<div class=\"elementor-widget-container\">\n\t\t\t\t\t\t\t<div class=\"wd-text-block reset-last-child text-left color-scheme-dark\">\n\t\t\t\n\t\t\t<p data-start=\"49\" data-end=\"302\">Manage your payment collection processes quickly, easily and seamlessly with FunnelKit virtual POS integration.<br data-start=\"162\" data-end=\"165\" \/>POS Integrator makes your sales uninterrupted by providing secure integration with all banks and payment institutions in Turkey.<\/p><p data-start=\"304\" data-end=\"530\">FunnelKit's <strong data-start=\"317\" data-end=\"346\">saved card<\/strong> support and <strong data-start=\"358\" data-end=\"378\">One Click Upsell<\/strong> With this integration that works one hundred percent compatible with its features, your customers can pay with a single click and you can increase your sales conversions.<\/p><p data-start=\"532\" data-end=\"680\" data-is-last-node=\"\" data-is-only-node=\"\">Fully integrated with all FunnelKit capabilities, POS Integrator takes your payment processes to the next level with fast setup and stable performance.<\/p>\n\t\t\t\t\t<\/div>\n\t\t\t\t\t\t<\/div>\n\t\t\t\t<\/div>\n\t\t\t\t<\/div>\n\t\t\t\t\t<\/div>\n\t\t\t\t<\/div>\n\t\t<div class=\"wd-negative-gap elementor-element elementor-element-382c8bc e-flex e-con-boxed e-con e-parent\" data-id=\"382c8bc\" data-element_type=\"container\">\n\t\t\t\t\t<div class=\"e-con-inner\">\n\t\t<div class=\"elementor-element elementor-element-0fac239 e-con-full e-flex e-con e-child\" data-id=\"0fac239\" data-element_type=\"container\">\n\t\t\t\t<div class=\"elementor-element elementor-element-598250d elementor-widget elementor-widget-heading\" data-id=\"598250d\" data-element_type=\"widget\" data-widget_type=\"heading.default\">\n\t\t\t\t\t<span class=\"elementor-heading-title elementor-size-default\">Integrations<\/span>\t\t\t\t<\/div>\n\t\t\t\t<div class=\"elementor-element elementor-element-abfa9df elementor-widget elementor-widget-wd_text_block\" data-id=\"abfa9df\" data-element_type=\"widget\" data-widget_type=\"wd_text_block.default\">\n\t\t\t\t<div class=\"elementor-widget-container\">\n\t\t\t\t\t\t\t<div class=\"wd-text-block reset-last-child text-left color-scheme-dark\">\n\t\t\t\n\t\t\t<p>Effortlessly integrate with PayTR, Paratika, Ziraat Bank, Garanti BBVA, Akbank, Vak\u0131fBank and more than 60 payment institutions with POS Integrator.<br data-start=\"219\" data-end=\"222\" \/>Easily digitalize your collection processes by choosing the most suitable POS solution for you.<\/p>\n\t\t\t\t\t<\/div>\n\t\t\t\t\t\t<\/div>\n\t\t\t\t<\/div>\n\t\t\t\t<div class=\"elementor-element elementor-element-68bc8d3 elementor-widget elementor-widget-wd_button\" data-id=\"68bc8d3\" data-element_type=\"widget\" data-widget_type=\"wd_button.default\">\n\t\t\t\t<div class=\"elementor-widget-container\">\n\t\t\t\t\t\t\t<div class=\"wd-button-wrapper text-left\" >\n\t\t\t<a class=\"btn btn-style-default btn-shape-semi-round btn-size-default btn-color-primary btn-icon-pos-right\"  href=\"http:\/\/posentegrator.com\/en\/virtual-pos-integrations\/\">\n\t\t\t\t<span class=\"wd-btn-text\" data-elementor-setting-key=\"text\">\n\t\t\t\t\tPayment Institutions\t\t\t\t<\/span>\n\n\t\t\t\t\t\t\t<\/a>\n\t\t<\/div>\n\t\t\t\t\t\t<\/div>\n\t\t\t\t<\/div>\n\t\t\t\t<\/div>\n\t\t<div class=\"elementor-element elementor-element-12ab81a e-con-full e-flex e-con e-child\" data-id=\"12ab81a\" data-element_type=\"container\">\n\t\t\t\t<div class=\"elementor-element elementor-element-689b2e2 elementor-widget elementor-widget-image\" data-id=\"689b2e2\" data-element_type=\"widget\" data-widget_type=\"image.default\">\n\t\t\t\t\t\t\t\t\t\t\t\t\t\t\t<img decoding=\"async\" width=\"500\" height=\"500\" src=\"https:\/\/posentegrator.com\/wp-content\/uploads\/2025\/07\/Tum-Bankalar-ve-Odeme-Kuruluslari-Tek-Entegrasyonda-1.png\" class=\"attachment-full size-full wp-image-21597\" alt=\"\" srcset=\"https:\/\/posentegrator.com\/wp-content\/uploads\/2025\/07\/Tum-Bankalar-ve-Odeme-Kuruluslari-Tek-Entegrasyonda-1.png 500w, https:\/\/posentegrator.com\/wp-content\/uploads\/2025\/07\/Tum-Bankalar-ve-Odeme-Kuruluslari-Tek-Entegrasyonda-1-300x300.png 300w, https:\/\/posentegrator.com\/wp-content\/uploads\/2025\/07\/Tum-Bankalar-ve-Odeme-Kuruluslari-Tek-Entegrasyonda-1-150x150.png 150w, https:\/\/posentegrator.com\/wp-content\/uploads\/2025\/07\/Tum-Bankalar-ve-Odeme-Kuruluslari-Tek-Entegrasyonda-1-12x12.png 12w\" sizes=\"(max-width: 500px) 100vw, 500px\" title=\"\">\t\t\t\t\t\t\t\t\t\t\t\t\t\t\t<\/div>\n\t\t\t\t<\/div>\n\t\t\t\t\t<\/div>\n\t\t\t\t<\/div>\n\t\t<div class=\"wd-negative-gap elementor-element elementor-element-4a9d3a4 e-flex e-con-boxed e-con e-parent\" data-id=\"4a9d3a4\" data-element_type=\"container\">\n\t\t\t\t\t<div class=\"e-con-inner\">\n\t\t\t\t<div class=\"elementor-element elementor-element-2f381d9 elementor-widget elementor-widget-heading\" data-id=\"2f381d9\" data-element_type=\"widget\" data-widget_type=\"heading.default\">\n\t\t\t\t\t<h4 class=\"elementor-heading-title elementor-size-default\">FunnelKit Virtual POS\n<\/h4>\t\t\t\t<\/div>\n\t\t\t\t<div class=\"elementor-element elementor-element-4891004 elementor-widget elementor-widget-wd_text_block\" data-id=\"4891004\" data-element_type=\"widget\" data-widget_type=\"wd_text_block.default\">\n\t\t\t\t<div class=\"elementor-widget-container\">\n\t\t\t\t\t\t\t<div class=\"wd-text-block reset-last-child text-left color-scheme-dark\">\n\t\t\t\n\t\t\t<p data-start=\"50\" data-end=\"350\">FunnelKit is a powerful automation and marketing tool that increases your conversions by optimizing your sales funnels.<br data-start=\"162\" data-end=\"165\" \/>By integrating with POS Integrator, FunnelKit allows you to collect all payments made through FunnelKit with credit cards and other payment methods in a secure, fast and hassle-free way.<\/p><p data-start=\"352\" data-end=\"546\">Our plugin is compatible with all virtual POS providers in Turkey. Thus, your business can use your preferred bank or payment institution <strong data-start=\"492\" data-end=\"520\">FunnelKit orders<\/strong> can receive payment safely.<\/p><p data-start=\"548\" data-end=\"840\">POS Integrator, FunnelKit's <strong data-start=\"577\" data-end=\"597\">One Click Upsell<\/strong>, <strong data-start=\"599\" data-end=\"613\">Order Bump<\/strong> and <strong data-start=\"617\" data-end=\"631\">Saved Card<\/strong> is fully compatible with its features. Thanks to its easy installation and user-friendly interface, you can complete your payment configurations in minutes and offer a seamless payment experience in your sales funnels.<\/p><p data-start=\"842\" data-end=\"1048\" data-is-last-node=\"\" data-is-only-node=\"\">In addition, with advanced reporting and transaction tracking features, you can manage all your payments from a central panel and easily analyze the financial performance of your campaigns and sales strategies.<\/p>\n\t\t\t\t\t<\/div>\n\t\t\t\t\t\t<\/div>\n\t\t\t\t<\/div>\n\t\t\t\t<div class=\"elementor-element elementor-element-02955ec elementor-widget elementor-widget-heading\" data-id=\"02955ec\" data-element_type=\"widget\" data-widget_type=\"heading.default\">\n\t\t\t\t\t<h4 class=\"elementor-heading-title elementor-size-default\">What is the LatePoint Plugin?\n<\/h4>\t\t\t\t<\/div>\n\t\t\t\t<div class=\"elementor-element elementor-element-3bef84e elementor-widget elementor-widget-wd_text_block\" data-id=\"3bef84e\" data-element_type=\"widget\" data-widget_type=\"wd_text_block.default\">\n\t\t\t\t<div class=\"elementor-widget-container\">\n\t\t\t\t\t\t\t<div class=\"wd-text-block reset-last-child text-left color-scheme-dark\">\n\t\t\t\n\t\t\t<p data-start=\"34\" data-end=\"354\">FunnelKit is a powerful tool that enables WordPress and WooCommerce users to optimize their sales process. <strong data-start=\"142\" data-end=\"173\">sales funnel<\/strong> plugin.<br data-start=\"187\" data-end=\"190\" \/>With its user-friendly interface, ready-made templates and drag-and-drop editor, it allows you to easily manage product sales, campaigns and upsell flows.<\/p><p data-start=\"356\" data-end=\"714\">One-page checkout thanks to FunnelKit, <strong data-start=\"413\" data-end=\"433\">One Click Upsell<\/strong>, <strong data-start=\"435\" data-end=\"449\">Order Bump<\/strong> and <strong data-start=\"453\" data-end=\"469\">A\/B tests<\/strong> you can increase your conversion rates by utilizing professional marketing tools such as<br data-start=\"557\" data-end=\"560\" \/>Fully integrated with WooCommerce and compatible with different payment methods <strong data-start=\"640\" data-end=\"705\">a fast, secure and hassle-free payment experience for your customers<\/strong> presents.<\/p><p data-start=\"716\" data-end=\"911\" data-is-last-node=\"\" data-is-only-node=\"\">With these features, FunnelKit is a comprehensive marketing solution that helps businesses automate their sales processes, increase revenue and make every step measurable.<\/p>\n\t\t\t\t\t<\/div>\n\t\t\t\t\t\t<\/div>\n\t\t\t\t<\/div>\n\t\t\t\t\t<\/div>\n\t\t\t\t<\/div>\n\t\t\t\t<\/div>","protected":false},"excerpt":{"rendered":"<p>\u2728 Kolay \u00d6deme \u00c7\u00f6z\u00fcm\u00fc FunnelKit Sanal POS Entegrasyonu FunnelKit ma\u011fazan\u0131zda \u00f6deme s\u00fcre\u00e7lerini h\u0131zland\u0131r\u0131n, t\u00fcm bankalarla sorunsuz \u00e7al\u0131\u015fan kararl\u0131 sanal POS<\/p>","protected":false},"author":1,"featured_media":0,"parent":0,"menu_order":0,"comment_status":"closed","ping_status":"closed","template":"","meta":{"inline_featured_image":false,"footnotes":""},"class_list":["post-22095","page","type-page","status-publish","hentry"],"_links":{"self":[{"href":"https:\/\/posentegrator.com\/en\/wp-json\/wp\/v2\/pages\/22095","targetHints":{"allow":["GET"]}}],"collection":[{"href":"https:\/\/posentegrator.com\/en\/wp-json\/wp\/v2\/pages"}],"about":[{"href":"https:\/\/posentegrator.com\/en\/wp-json\/wp\/v2\/types\/page"}],"author":[{"embeddable":true,"href":"https:\/\/posentegrator.com\/en\/wp-json\/wp\/v2\/users\/1"}],"replies":[{"embeddable":true,"href":"https:\/\/posentegrator.com\/en\/wp-json\/wp\/v2\/comments?post=22095"}],"version-history":[{"count":0,"href":"https:\/\/posentegrator.com\/en\/wp-json\/wp\/v2\/pages\/22095\/revisions"}],"wp:attachment":[{"href":"https:\/\/posentegrator.com\/en\/wp-json\/wp\/v2\/media?parent=22095"}],"curies":[{"name":"wp","href":"https:\/\/api.w.org\/{rel}","templated":true}]}}