{"id":16029,"date":"2023-11-08T07:36:47","date_gmt":"2023-11-08T07:36:47","guid":{"rendered":"http:\/\/posentegrator.com\/?page_id=16029"},"modified":"2026-02-16T15:35:19","modified_gmt":"2026-02-16T12:35:19","slug":"demo","status":"publish","type":"page","link":"https:\/\/posentegrator.com\/en\/demo\/","title":{"rendered":"WordPress Virtual POS Integration Demos"},"content":{"rendered":"<div data-elementor-type=\"wp-page\" data-elementor-id=\"16029\" class=\"elementor elementor-16029\">\n\t\t\t\t\t\t<section class=\"wd-negative-gap elementor-section elementor-top-section elementor-element elementor-element-35d438aa wd-section-stretch elementor-section-boxed elementor-section-height-default elementor-section-height-default\" data-id=\"35d438aa\" data-element_type=\"section\">\n\t\t\t\t\t\t<div class=\"elementor-container elementor-column-gap-default\">\n\t\t\t\t\t<div class=\"elementor-column elementor-col-100 elementor-top-column elementor-element elementor-element-45c200bf\" data-id=\"45c200bf\" data-element_type=\"column\">\n\t\t\t<div class=\"elementor-widget-wrap elementor-element-populated\">\n\t\t\t\t\t\t<div class=\"elementor-element elementor-element-795e9d39 animated-fast elementor-absolute elementor-hidden-tablet elementor-invisible elementor-widget elementor-widget-wd_text_block\" data-id=\"795e9d39\" data-element_type=\"widget\" data-settings=\"{&quot;_animation&quot;:&quot;wd-anim-slide-from-bottom&quot;,&quot;_position&quot;:&quot;absolute&quot;}\" data-widget_type=\"wd_text_block.default\">\n\t\t\t\t<div class=\"elementor-widget-container\">\n\t\t\t\t\t\t\t<div class=\"wd-text-block reset-last-child text-center\">\n\t\t\t\n\t\t\t<p>POS<\/p>\n\t\t\t\t\t<\/div>\n\t\t\t\t\t\t<\/div>\n\t\t\t\t<\/div>\n\t\t\t\t<div class=\"elementor-element elementor-element-782711de animated-fast wd-width-100 elementor-invisible elementor-widget elementor-widget-wd_title\" data-id=\"782711de\" data-element_type=\"widget\" data-settings=\"{&quot;_animation&quot;:&quot;wd-anim-slide-from-bottom&quot;}\" data-widget_type=\"wd_title.default\">\n\t\t\t\t<div class=\"elementor-widget-container\">\n\t\t\t\t\t\t\t<div class=\"title-wrapper wd-set-mb reset-last-child wd-title-color-default wd-title-style-default wd-title-size-default text-center\">\n\n\t\t\t\t\t\t\t\t\t\t\t<div class=\"title-subtitle subtitle-color-default subtitle-style-default wd-fontsize-xs\">\n\t\t\t\t\tPOS Integrator Demo\t\t\t\t<\/div>\n\t\t\t\n\t\t\t<div class=\"liner-continer\">\n\t\t\t\t<h4 class=\"woodmart-title-container title wd-fontsize-l wd-underline-colored\">The best for your website <b>good payout<\/b> plugin<\/h4> \n\t\t\t\t\t\t\t<\/div>\n\n\t\t\t\t\t<\/div>\n\t\t\t\t\t\t<\/div>\n\t\t\t\t<\/div>\n\t\t\t\t\t<\/div>\n\t\t<\/div>\n\t\t\t\t\t<\/div>\n\t\t<\/section>\n\t\t<div class=\"wd-negative-gap elementor-element elementor-element-4e7c372 e-flex e-con-boxed e-con e-parent\" data-id=\"4e7c372\" data-element_type=\"container\">\n\t\t\t\t\t<div class=\"e-con-inner\">\n\t\t<div class=\"wd-negative-gap elementor-element elementor-element-8256c6f e-flex e-con-boxed e-con e-child\" data-id=\"8256c6f\" data-element_type=\"container\" data-settings=\"{&quot;background_background&quot;:&quot;classic&quot;}\">\n\t\t\t\t\t<div class=\"e-con-inner\">\n\t\t<div class=\"wd-negative-gap elementor-element elementor-element-3402e2c e-flex e-con-boxed e-con e-child\" data-id=\"3402e2c\" data-element_type=\"container\">\n\t\t\t\t\t<div class=\"e-con-inner\">\n\t\t\t\t<div class=\"elementor-element elementor-element-1de44df elementor-widget elementor-widget-heading\" data-id=\"1de44df\" data-element_type=\"widget\" data-widget_type=\"heading.default\">\n\t\t\t\t\t<div class=\"elementor-heading-title elementor-size-default\">Canl\u0131 Demo ile POS Entegrat\u00f6r\u2019\u00fc Yak\u0131ndan Tan\u0131y\u0131n<\/div>\t\t\t\t<\/div>\n\t\t\t\t\t<\/div>\n\t\t\t\t<\/div>\n\t\t\t\t<div class=\"elementor-element elementor-element-c099107 color-scheme-inherit text-left elementor-widget elementor-widget-text-editor\" data-id=\"c099107\" data-element_type=\"widget\" data-widget_type=\"text-editor.default\">\n\t\t\t\t\t\t\t\t\t<p data-start=\"156\" data-end=\"429\">POS Entegrat\u00f6r\u2019\u00fcn t\u00fcm \u00f6zelliklerini, kullan\u0131m senaryolar\u0131n\u0131 ve size sa\u011flayaca\u011f\u0131 avantajlar\u0131 canl\u0131 bir toplant\u0131 ile birebir anlat\u0131yoruz.<br data-start=\"291\" data-end=\"294\" \/>Demo talep formunu doldurduktan sonra, size uygun g\u00fcn ve saat i\u00e7in ekibimiz sizinle ileti\u015fime ge\u00e7er ve canl\u0131 demo toplant\u0131s\u0131n\u0131 planlar.<\/p><p data-start=\"431\" data-end=\"444\">Canl\u0131 demoda;<\/p><ul data-start=\"445\" data-end=\"635\"><li data-start=\"445\" data-end=\"490\"><p data-start=\"447\" data-end=\"490\">Eklentinin kurulum ve kullan\u0131m ad\u0131mlar\u0131n\u0131<\/p><\/li><li data-start=\"491\" data-end=\"536\"><p data-start=\"493\" data-end=\"536\">Banka &amp; \u00f6deme altyap\u0131s\u0131 entegrasyonlar\u0131n\u0131<\/p><\/li><li data-start=\"537\" data-end=\"593\"><p data-start=\"539\" data-end=\"593\">Ger\u00e7ek \u00f6deme senaryolar\u0131 \u00fczerinden \u00e7al\u0131\u015fma mant\u0131\u011f\u0131n\u0131<\/p><\/li><li data-start=\"594\" data-end=\"635\"><p data-start=\"596\" data-end=\"635\">Akl\u0131n\u0131zdaki t\u00fcm sorular\u0131n yan\u0131tlar\u0131n\u0131<\/p><\/li><\/ul><p data-start=\"637\" data-end=\"672\">detayl\u0131 \u015fekilde inceleyebilirsiniz.<\/p><p data-start=\"674\" data-end=\"801\">\u0130\u015finize en uygun \u00e7\u00f6z\u00fcm\u00fc birlikte de\u011ferlendirmek i\u00e7in demo talep formunu hemen doldurun, POS Entegrat\u00f6r\u2019\u00fc canl\u0131 olarak ke\u015ffedin.<\/p>\t\t\t\t\t\t\t\t<\/div>\n\t\t<div class=\"wd-negative-gap elementor-element elementor-element-9d8a1a5 e-flex e-con-boxed e-con e-child\" data-id=\"9d8a1a5\" data-element_type=\"container\">\n\t\t\t\t\t<div class=\"e-con-inner\">\n\t\t\t\t<div class=\"elementor-element elementor-element-851949c demo-buttons elementor-widget elementor-widget-wd_popup\" data-id=\"851949c\" data-element_type=\"widget\" data-widget_type=\"wd_popup.default\">\n\t\t\t\t<div class=\"elementor-widget-container\">\n\t\t\t\t\t\t\t\t\t<div class=\"wd-button-wrapper text-left\" >\n\t\t\t<a class=\"btn btn-style-default btn-shape-semi-round btn-size-default wd-open-popup btn-color-primary btn-icon-pos-right\"  href=\"#popup-658c01c3c39cc\">\n\t\t\t\t<span class=\"wd-btn-text\" data-elementor-setting-key=\"text\">\n\t\t\t\t\tRequest Demo\t\t\t\t<\/span>\n\n\t\t\t\t\t\t\t<\/a>\n\t\t<\/div>\n\t\t\t\t\t\t\t<div id=\"popup-658c01c3c39cc\" class=\"wd-popup wd-popup-element wd-entry-content mfp-hide\" style=\"--wd-popup-width:1130px;\">\n\t\t\t\t\t\t\t<link rel=\"stylesheet\" id=\"elementor-post-17943-css\" href=\"https:\/\/posentegrator.com\/wp-content\/uploads\/elementor\/css\/post-17943.css?ver=1774877486\" type=\"text\/css\" media=\"all\">\n\t\t\t\t\t<div data-elementor-type=\"wp-post\" data-elementor-id=\"17943\" class=\"elementor elementor-17943\">\n\t\t\t\t<div class=\"wd-negative-gap elementor-element elementor-element-15aeab6 e-flex e-con-boxed e-con e-parent\" data-id=\"15aeab6\" data-element_type=\"container\">\n\t\t\t\t\t<div class=\"e-con-inner\">\n\t\t\t\t<div class=\"elementor-element elementor-element-fa27ced elementor-widget elementor-widget-heading\" data-id=\"fa27ced\" data-element_type=\"widget\" data-widget_type=\"heading.default\">\n\t\t\t\t\t<h2 class=\"elementor-heading-title elementor-size-default\">Live Demo Request<\/h2>\t\t\t\t<\/div>\n\t\t\t\t<div class=\"elementor-element elementor-element-dbf6ce1 color-scheme-inherit text-left elementor-widget elementor-widget-text-editor\" data-id=\"dbf6ce1\" data-element_type=\"widget\" data-widget_type=\"text-editor.default\">\n\t\t\t\t\t\t\t\t\tYou can request a demo compatible with form plugins such as Elementor PRO, Ninja Form, WPForms PRO so that you can discover the most suitable collection method for your business and get support throughout the process, our team will return to you as soon as possible and create a live demo appointment by transferring the appropriate dates.\t\t\t\t\t\t\t\t<\/div>\n\t\t\t\t<div class=\"elementor-element elementor-element-84753ec elementor-widget elementor-widget-wpforms\" data-id=\"84753ec\" data-element_type=\"widget\" data-widget_type=\"wpforms.default\">\n\t\t\t\t<div class=\"elementor-widget-container\">\n\t\t\t\t\t<div class=\"wpforms-container wpforms-render-modern\" id=\"wpforms-17939\"><form id=\"wpforms-form-17939\" class=\"wpforms-validate wpforms-form wpforms-ajax-form\" data-formid=\"17939\" method=\"post\" enctype=\"multipart\/form-data\" action=\"\/en\/wp-json\/wp\/v2\/pages\/16029\" data-token=\"09d5f1c1840520fd2f5c97854e0ffa39\" data-token-time=\"1775296157\" data-trp-original-action=\"\/en\/wp-json\/wp\/v2\/pages\/16029\"><noscript class=\"wpforms-error-noscript\">Please enable JavaScript in your browser to complete this form.<\/noscript><div id=\"wpforms-error-noscript\" style=\"display: none;\">Please enable JavaScript in your browser to complete this form.<\/div><div class=\"wpforms-field-container\"><div id=\"wpforms-17939-field_1-container\" class=\"wpforms-field wpforms-field-text\" data-field-id=\"1\"><label class=\"wpforms-field-label\" for=\"wpforms-17939-field_1\">Name Surname <span class=\"wpforms-required-label\" aria-hidden=\"true\">*<\/span><\/label><input type=\"text\" id=\"wpforms-17939-field_1\" class=\"wpforms-field-medium wpforms-field-required\" name=\"wpforms[fields][1]\" aria-errormessage=\"wpforms-17939-field_1-error\" required><\/div><div id=\"wpforms-17939-field_2-container\" class=\"wpforms-field wpforms-field-text\" data-field-id=\"2\"><label class=\"wpforms-field-label\" for=\"wpforms-17939-field_2\">Telephone<\/label><input type=\"text\" id=\"wpforms-17939-field_2\" class=\"wpforms-field-medium\" name=\"wpforms[fields][2]\" aria-errormessage=\"wpforms-17939-field_2-error\" ><\/div><div id=\"wpforms-17939-field_3-container\" class=\"wpforms-field wpforms-field-email\" data-field-id=\"3\"><label class=\"wpforms-field-label\" for=\"wpforms-17939-field_3\">Email <span class=\"wpforms-required-label\" aria-hidden=\"true\">*<\/span><\/label><input type=\"email\" id=\"wpforms-17939-field_3\" class=\"wpforms-field-medium wpforms-field-required\" name=\"wpforms[fields][3]\" spellcheck=\"false\" aria-errormessage=\"wpforms-17939-field_3-error\" required><\/div><div id=\"wpforms-17939-field_4-container\" class=\"wpforms-field wpforms-field-textarea\" data-field-id=\"4\"><label class=\"wpforms-field-label\" for=\"wpforms-17939-field_4\">Message <span class=\"wpforms-required-label\" aria-hidden=\"true\">*<\/span><\/label><textarea id=\"wpforms-17939-field_4\" class=\"wpforms-field-medium wpforms-field-required\" name=\"wpforms[fields][4]\" aria-errormessage=\"wpforms-17939-field_4-error\" aria-describedby=\"wpforms-17939-field_4-description\" required><\/textarea><div id=\"wpforms-17939-field_4-description\" class=\"wpforms-field-description\">Briefly explain the solution you want to do (e.g. payment by link)<\/div><\/div><\/div><!-- .wpforms-field-container --><div class=\"wpforms-submit-container\" ><input type=\"hidden\" name=\"wpforms[id]\" value=\"17939\"><input type=\"hidden\" name=\"page_title\" value=\"\"><input type=\"hidden\" name=\"page_url\" value=\"https:\/\/posentegrator.com\/en\/wp-json\/wp\/v2\/pages\/16029\"><input type=\"hidden\" name=\"url_referer\" value=\"\"><button type=\"submit\" name=\"wpforms[submit]\" id=\"wpforms-submit-17939\" class=\"wpforms-submit\" data-alt-text=\"G\u00f6nderiliyor...\" data-submit-text=\"Talep Olu\u015ftur\" aria-live=\"assertive\" value=\"wpforms-submit\">Create Request<\/button><img decoding=\"async\" src=\"https:\/\/posentegrator.com\/wp-content\/plugins\/wpforms-lite\/assets\/images\/submit-spin.svg\" class=\"wpforms-submit-spinner\" style=\"display: none;\" width=\"26\" height=\"26\" alt=\"Loading\" title=\"\"><\/div><input type=\"hidden\" name=\"trp-form-language\" value=\"en\"\/><\/form><\/div>  <!-- .wpforms-container -->\t\t\t\t<\/div>\n\t\t\t\t<\/div>\n\t\t\t\t\t<\/div>\n\t\t\t\t<\/div>\n\t\t\t\t<\/div>\n\t\t\t\t\t<\/div>\n\t\t\t\t\t\t\t\t<\/div>\n\t\t\t\t<\/div>\n\t\t\t\t\t<\/div>\n\t\t\t\t<\/div>\n\t\t\t\t\t<\/div>\n\t\t\t\t<\/div>\n\t\t\t\t\t<\/div>\n\t\t\t\t<\/div>\n\t\t<div class=\"wd-negative-gap elementor-element elementor-element-1694bfd e-flex e-con-boxed e-con e-parent\" data-id=\"1694bfd\" data-element_type=\"container\">\n\t\t\t\t\t<div class=\"e-con-inner\">\n\t\t\t\t<div class=\"elementor-element elementor-element-f6e3e66 elementor-widget elementor-widget-html\" data-id=\"f6e3e66\" data-element_type=\"widget\" data-widget_type=\"html.default\">\n\t\t\t\t\t<style>\r\n.video-grid {\r\n  display: grid;\r\n  grid-template-columns: repeat(auto-fit, minmax(320px, 1fr));\r\n  gap: 20px;\r\n}\r\n\r\n.video-grid iframe {\r\n  width: 100%;\r\n  aspect-ratio: 16 \/ 9;\r\n  border-radius: 12px;\r\n}\r\n<\/style>\r\n\r\n<div class=\"video-grid\">\r\n  <iframe src=\"https:\/\/www.youtube.com\/embed\/pP6ADQHZmaw\" allowfullscreen><\/iframe>\r\n  <iframe src=\"https:\/\/www.youtube.com\/embed\/Z2GxyY78G_w\" allowfullscreen><\/iframe>\r\n  <iframe src=\"https:\/\/www.youtube.com\/embed\/gK36BiLgFQY\" allowfullscreen><\/iframe>\r\n  <iframe src=\"https:\/\/www.youtube.com\/embed\/R_NyVKwxx7E\" allowfullscreen><\/iframe>\r\n  <iframe src=\"https:\/\/www.youtube.com\/embed\/xj1uj1ETyhY\" allowfullscreen><\/iframe>\r\n  <iframe src=\"https:\/\/www.youtube.com\/embed\/QcXKFaCVOCg\" allowfullscreen><\/iframe>\r\n<\/div>\r\n\t\t\t\t<\/div>\n\t\t\t\t\t<\/div>\n\t\t\t\t<\/div>\n\t\t<div class=\"wd-negative-gap elementor-element elementor-element-b027fb7 wd-section-stretch e-flex e-con-boxed e-con e-parent\" data-id=\"b027fb7\" data-element_type=\"container\" data-settings=\"{&quot;background_background&quot;:&quot;classic&quot;}\">\n\t\t\t\t\t<div class=\"e-con-inner\">\n\t\t<div class=\"elementor-element elementor-element-0271c91 e-con-full elementor-hidden-tablet elementor-hidden-mobile e-flex e-con e-child\" data-id=\"0271c91\" data-element_type=\"container\">\n\t\t\t\t<div class=\"elementor-element elementor-element-1db3644 elementor-widget elementor-widget-image\" data-id=\"1db3644\" data-element_type=\"widget\" data-widget_type=\"image.default\">\n\t\t\t\t\t\t\t\t\t\t\t\t\t\t\t<img decoding=\"async\" src=\"https:\/\/posentegrator.com\/wp-content\/uploads\/elementor\/thumbs\/gurmehub-fuat-poyraz-2-1-qhptiy0jhx2z643z75eb5iq5gp639tl7k74adglwjs.png\" title=\"gurmehub-fuat-poyraz-2\" alt=\"gurmehub-fuat-poyraz-2\" loading=\"lazy\" \/>\t\t\t\t\t\t\t\t\t\t\t\t\t\t\t<\/div>\n\t\t\t\t<div class=\"elementor-element elementor-element-d77e287 elementor-widget elementor-widget-heading\" data-id=\"d77e287\" data-element_type=\"widget\" data-widget_type=\"heading.default\">\n\t\t\t\t\t<div class=\"elementor-heading-title elementor-size-default\">Fuat POYRAZ<\/div>\t\t\t\t<\/div>\n\t\t\t\t<div class=\"elementor-element elementor-element-a9dab99 elementor-widget elementor-widget-heading\" data-id=\"a9dab99\" data-element_type=\"widget\" data-widget_type=\"heading.default\">\n\t\t\t\t\t<div class=\"elementor-heading-title elementor-size-default\">Founder<\/div>\t\t\t\t<\/div>\n\t\t\t\t<\/div>\n\t\t<div class=\"elementor-element elementor-element-4d0970e e-con-full e-flex e-con e-child\" data-id=\"4d0970e\" data-element_type=\"container\">\n\t\t\t\t<div class=\"elementor-element elementor-element-14d34e6 wd-width-100 elementor-widget elementor-widget-wd_title\" data-id=\"14d34e6\" data-element_type=\"widget\" data-widget_type=\"wd_title.default\">\n\t\t\t\t<div class=\"elementor-widget-container\">\n\t\t\t\t\t\t\t<div class=\"title-wrapper wd-set-mb reset-last-child wd-title-color-default wd-title-style-default wd-title-size-default text-left\">\n\n\t\t\t\n\t\t\t<div class=\"liner-continer\">\n\t\t\t\t<h4 class=\"woodmart-title-container title wd-fontsize-l\">%100 SIFIR R\u0130SK PARA \u0130ADE GARANT\u0130S\u0130<\/h4> \n\t\t\t\t\t\t\t<\/div>\n\n\t\t\t\t\t\t\t<div class=\"title-after_title reset-last-child wd-fontsize-xs\">\n\t\t\t\t\t<p>\u00a0Customer satisfaction is our top priority and we aim to provide you with the highest quality product. We work meticulously to ensure that our products work in perfect harmony with your business.<\/p><p><strong>Our plugin does not work in the integrations and themes we have committed to<\/strong> we offer you a \"Money Back Guarantee\". If you contact us within 14 days from the date of purchase, you will receive your payment back.<\/p>\t\t\t\t<\/div>\n\t\t\t\t\t<\/div>\n\t\t\t\t\t\t<\/div>\n\t\t\t\t<\/div>\n\t\t\t\t<div class=\"elementor-element elementor-element-89feca8 elementor-widget elementor-widget-html\" data-id=\"89feca8\" data-element_type=\"widget\" data-widget_type=\"html.default\">\n\t\t\t\t\t<a href=\"https:\/\/gurmehub.com\/\" target=\"_blank\" rel=\"noopener\">\n    <span style=\"font-weight: 600; color: #000; font-size: 12px;\">POS Integrator <img decoding=\"async\" src=\"http:\/\/posentegrator.com\/wp-content\/uploads\/2023\/11\/gurmehub.svg\" style=\"width:100px; margin-left: 4px; margin-right:4px;\" alt=\"\" title=\"\">\nis being developed by<\/span>\n<\/a>\t\t\t\t<\/div>\n\t\t\t\t<\/div>\n\t\t\t\t\t<\/div>\n\t\t\t\t<\/div>\n\t\t<div class=\"wd-negative-gap elementor-element elementor-element-7b6be4c e-flex e-con-boxed e-con e-parent\" data-id=\"7b6be4c\" data-element_type=\"container\" data-settings=\"{&quot;background_background&quot;:&quot;classic&quot;}\">\n\t\t\t\t\t<div class=\"e-con-inner\">\n\t\t\t\t<div class=\"elementor-element elementor-element-aa2e11c elementor-widget elementor-widget-heading\" data-id=\"aa2e11c\" data-element_type=\"widget\" data-widget_type=\"heading.default\">\n\t\t\t\t\t<h2 class=\"elementor-heading-title elementor-size-default\">Frequently Asked Questions About POS Integrator Demo<\/h2>\t\t\t\t<\/div>\n\t\t\t\t<div class=\"elementor-element elementor-element-f8f7996 elementor-widget elementor-widget-accordion\" data-id=\"f8f7996\" data-element_type=\"widget\" data-widget_type=\"accordion.default\">\n\t\t\t\t\t\t\t<div class=\"elementor-accordion\">\n\t\t\t\t\t\t\t<div class=\"elementor-accordion-item\">\n\t\t\t\t\t<div id=\"elementor-tab-title-2611\" class=\"elementor-tab-title\" data-tab=\"1\" role=\"button\" aria-controls=\"elementor-tab-content-2611\" aria-expanded=\"false\">\n\t\t\t\t\t\t\t\t\t\t\t\t\t<span class=\"elementor-accordion-icon elementor-accordion-icon-left\" aria-hidden=\"true\">\n\t\t\t\t\t\t\t\t\t\t\t\t\t\t\t<span class=\"elementor-accordion-icon-closed\"><svg class=\"e-font-icon-svg e-fas-plus\" viewbox=\"0 0 448 512\" xmlns=\"http:\/\/www.w3.org\/2000\/svg\"><path d=\"M416 208H272V64c0-17.67-14.33-32-32-32h-32c-17.67 0-32 14.33-32 32v144H32c-17.67 0-32 14.33-32 32v32c0 17.67 14.33 32 32 32h144v144c0 17.67 14.33 32 32 32h32c17.67 0 32-14.33 32-32V304h144c17.67 0 32-14.33 32-32v-32c0-17.67-14.33-32-32-32z\"><\/path><\/svg><\/span>\n\t\t\t\t\t\t\t\t<span class=\"elementor-accordion-icon-opened\"><svg class=\"e-font-icon-svg e-fas-minus\" viewbox=\"0 0 448 512\" xmlns=\"http:\/\/www.w3.org\/2000\/svg\"><path d=\"M416 208H32c-17.67 0-32 14.33-32 32v32c0 17.67 14.33 32 32 32h384c17.67 0 32-14.33 32-32v-32c0-17.67-14.33-32-32-32z\"><\/path><\/svg><\/span>\n\t\t\t\t\t\t\t\t\t\t\t\t\t\t<\/span>\n\t\t\t\t\t\t\t\t\t\t\t\t<a class=\"elementor-accordion-title\" tabindex=\"0\">I Couldn't Create a Demo Site What Can I Do?<\/a>\n\t\t\t\t\t<\/div>\n\t\t\t\t\t<div id=\"elementor-tab-content-2611\" class=\"elementor-tab-content elementor-clearfix\" data-tab=\"1\" role=\"region\" aria-labelledby=\"elementor-tab-title-2611\"><p>The demo creation process starts with you filling out the form on our website. Make sure you fill the form with complete and correct information. After submitting the form, a private demo site will be created for you and access details will be sent to your e-mail address. If you do not receive the email with demo access details, please follow the steps below:<\/p><ol><li><p><strong>Check E-Mail Address:<\/strong> Make sure that you have entered the correct e-mail address you used when requesting a demo. If an incorrect e-mail address is entered, the system may have sent the demo information to the wrong address.<\/p><\/li><li><p><strong>Check the Spam or Junk Folder:<\/strong> It sometimes happens that email service providers automatically redirect sent emails to the spam or junk folder. So check the spam or junk folder of your e-mail box.<\/p><\/li><li><p><strong>Try Again or Get Support:<\/strong> If you have followed the steps above but have not received the demo access information, please contact our customer service directly. <a href=\"http:\/\/posentegrator.com\/en\/contact-us\/\">you can contact<\/a>. Our customer service team will be happy to help you with the demo creation process.<\/p><\/li><\/ol><\/div>\n\t\t\t\t<\/div>\n\t\t\t\t\t\t\t<div class=\"elementor-accordion-item\">\n\t\t\t\t\t<div id=\"elementor-tab-title-2612\" class=\"elementor-tab-title\" data-tab=\"2\" role=\"button\" aria-controls=\"elementor-tab-content-2612\" aria-expanded=\"false\">\n\t\t\t\t\t\t\t\t\t\t\t\t\t<span class=\"elementor-accordion-icon elementor-accordion-icon-left\" aria-hidden=\"true\">\n\t\t\t\t\t\t\t\t\t\t\t\t\t\t\t<span class=\"elementor-accordion-icon-closed\"><svg class=\"e-font-icon-svg e-fas-plus\" viewbox=\"0 0 448 512\" xmlns=\"http:\/\/www.w3.org\/2000\/svg\"><path d=\"M416 208H272V64c0-17.67-14.33-32-32-32h-32c-17.67 0-32 14.33-32 32v144H32c-17.67 0-32 14.33-32 32v32c0 17.67 14.33 32 32 32h144v144c0 17.67 14.33 32 32 32h32c17.67 0 32-14.33 32-32V304h144c17.67 0 32-14.33 32-32v-32c0-17.67-14.33-32-32-32z\"><\/path><\/svg><\/span>\n\t\t\t\t\t\t\t\t<span class=\"elementor-accordion-icon-opened\"><svg class=\"e-font-icon-svg e-fas-minus\" viewbox=\"0 0 448 512\" xmlns=\"http:\/\/www.w3.org\/2000\/svg\"><path d=\"M416 208H32c-17.67 0-32 14.33-32 32v32c0 17.67 14.33 32 32 32h384c17.67 0 32-14.33 32-32v-32c0-17.67-14.33-32-32-32z\"><\/path><\/svg><\/span>\n\t\t\t\t\t\t\t\t\t\t\t\t\t\t<\/span>\n\t\t\t\t\t\t\t\t\t\t\t\t<a class=\"elementor-accordion-title\" tabindex=\"0\">Which Features Can I Test in the Demo Version?<\/a>\n\t\t\t\t\t<\/div>\n\t\t\t\t\t<div id=\"elementor-tab-content-2612\" class=\"elementor-tab-content elementor-clearfix\" data-tab=\"2\" role=\"region\" aria-labelledby=\"elementor-tab-title-2612\"><p>In the demo version, you can test all the features of POS Integrator that we have prepared with the compatible plugin. This includes key features like virtual POS integrations, user interface and functionality.  We will use it when you purchase and it is the same plugin as in the demos.<\/p><\/div>\n\t\t\t\t<\/div>\n\t\t\t\t\t\t\t<div class=\"elementor-accordion-item\">\n\t\t\t\t\t<div id=\"elementor-tab-title-2613\" class=\"elementor-tab-title\" data-tab=\"3\" role=\"button\" aria-controls=\"elementor-tab-content-2613\" aria-expanded=\"false\">\n\t\t\t\t\t\t\t\t\t\t\t\t\t<span class=\"elementor-accordion-icon elementor-accordion-icon-left\" aria-hidden=\"true\">\n\t\t\t\t\t\t\t\t\t\t\t\t\t\t\t<span class=\"elementor-accordion-icon-closed\"><svg class=\"e-font-icon-svg e-fas-plus\" viewbox=\"0 0 448 512\" xmlns=\"http:\/\/www.w3.org\/2000\/svg\"><path d=\"M416 208H272V64c0-17.67-14.33-32-32-32h-32c-17.67 0-32 14.33-32 32v144H32c-17.67 0-32 14.33-32 32v32c0 17.67 14.33 32 32 32h144v144c0 17.67 14.33 32 32 32h32c17.67 0 32-14.33 32-32V304h144c17.67 0 32-14.33 32-32v-32c0-17.67-14.33-32-32-32z\"><\/path><\/svg><\/span>\n\t\t\t\t\t\t\t\t<span class=\"elementor-accordion-icon-opened\"><svg class=\"e-font-icon-svg e-fas-minus\" viewbox=\"0 0 448 512\" xmlns=\"http:\/\/www.w3.org\/2000\/svg\"><path d=\"M416 208H32c-17.67 0-32 14.33-32 32v32c0 17.67 14.33 32 32 32h384c17.67 0 32-14.33 32-32v-32c0-17.67-14.33-32-32-32z\"><\/path><\/svg><\/span>\n\t\t\t\t\t\t\t\t\t\t\t\t\t\t<\/span>\n\t\t\t\t\t\t\t\t\t\t\t\t<a class=\"elementor-accordion-title\" tabindex=\"0\">How long does the Demo Version last?<\/a>\n\t\t\t\t\t<\/div>\n\t\t\t\t\t<div id=\"elementor-tab-content-2613\" class=\"elementor-tab-content elementor-clearfix\" data-tab=\"3\" role=\"region\" aria-labelledby=\"elementor-tab-title-2613\"><p>Access to the demo version is usually provided for 2 days. After 2 days, the demo site created is automatically deleted.<\/p><\/div>\n\t\t\t\t<\/div>\n\t\t\t\t\t\t\t\t<\/div>\n\t\t\t\t\t\t<\/div>\n\t\t\t\t\t<\/div>\n\t\t\t\t<\/div>\n\t\t\t\t<\/div>","protected":false},"excerpt":{"rendered":"<p>POS POS Entegrat\u00f6r Demo \u0130nternet siteniz i\u00e7in en iyi \u00f6deme eklentisi Canl\u0131 Demo ile POS Entegrat\u00f6r\u2019\u00fc Yak\u0131ndan Tan\u0131y\u0131n POS Entegrat\u00f6r\u2019\u00fcn<\/p>","protected":false},"author":1,"featured_media":0,"parent":0,"menu_order":0,"comment_status":"closed","ping_status":"closed","template":"elementor_header_footer","meta":{"inline_featured_image":false,"footnotes":""},"class_list":["post-16029","page","type-page","status-publish","hentry"],"_links":{"self":[{"href":"https:\/\/posentegrator.com\/en\/wp-json\/wp\/v2\/pages\/16029","targetHints":{"allow":["GET"]}}],"collection":[{"href":"https:\/\/posentegrator.com\/en\/wp-json\/wp\/v2\/pages"}],"about":[{"href":"https:\/\/posentegrator.com\/en\/wp-json\/wp\/v2\/types\/page"}],"author":[{"embeddable":true,"href":"https:\/\/posentegrator.com\/en\/wp-json\/wp\/v2\/users\/1"}],"replies":[{"embeddable":true,"href":"https:\/\/posentegrator.com\/en\/wp-json\/wp\/v2\/comments?post=16029"}],"version-history":[{"count":3,"href":"https:\/\/posentegrator.com\/en\/wp-json\/wp\/v2\/pages\/16029\/revisions"}],"predecessor-version":[{"id":22182,"href":"https:\/\/posentegrator.com\/en\/wp-json\/wp\/v2\/pages\/16029\/revisions\/22182"}],"wp:attachment":[{"href":"https:\/\/posentegrator.com\/en\/wp-json\/wp\/v2\/media?parent=16029"}],"curies":[{"name":"wp","href":"https:\/\/api.w.org\/{rel}","templated":true}]}}